{"id":218871,"date":"2014-07-05T16:33:26","date_gmt":"2014-07-05T14:33:26","guid":{"rendered":"http:\/\/grundschule-homberg.de\/wp\/?page_id=218871"},"modified":"2018-08-05T16:45:57","modified_gmt":"2018-08-05T14:45:57","slug":"toepfer-ag","status":"publish","type":"page","link":"https:\/\/grundschule-homberg.de\/wp\/?page_id=218871","title":{"rendered":"T\u00f6pfer-AG"},"content":{"rendered":"<p>Die Kinder der T\u00f6pfer-AG gestalten jeden Montag in der 7. und 8. Stunde unter der fachkundigen Anleitung von Frau Tanja Haumann verschiedenste&nbsp;Gegenst\u00e4nde aus Ton.<br \/>\nDer Kreativit\u00e4t der Kinder ist dabei fast keine Grenze gesetzt.<\/p>\n<p>Dank der Unterst\u00fctzung des F\u00f6rdervereins und des Schulelternbeirats kann diese AG das<br \/>\nganze Jahr \u00fcber angeboten werden.<\/p>\n<p><!-- default-view.php -->\n<div\n\tclass=\"ngg-galleryoverview default-view\n\t ngg-ajax-pagination-none\t\"\n\tid=\"ngg-gallery-8a0418ba0c7fa5f90a1aa5f9c2cbf2d4-1\">\n\n\t\t<!-- Thumbnails -->\n\t\t\t\t<div id=\"ngg-image-0\" class=\"ngg-gallery-thumbnail-box\n\t\t\t\t\t\t\t\t\t\t\t\"\n\t\t\t>\n\t\t\t\t\t\t<div class=\"ngg-gallery-thumbnail\">\n\t\t\t<a href=\"https:\/\/grundschule-homberg.de\/wp\/wp-content\/gallery\/toepfer-ag\/small_IMG_1492.JPG\"\n\t\t\t\ttitle=\"\"\n\t\t\t\tdata-src=\"https:\/\/grundschule-homberg.de\/wp\/wp-content\/gallery\/toepfer-ag\/small_IMG_1492.JPG\"\n\t\t\t\tdata-thumbnail=\"https:\/\/grundschule-homberg.de\/wp\/wp-content\/gallery\/toepfer-ag\/thumbs\/thumbs_small_IMG_1492.JPG\"\n\t\t\t\tdata-image-id=\"268\"\n\t\t\t\tdata-title=\"small_IMG_1492\"\n\t\t\t\tdata-description=\"\"\n\t\t\t\tdata-image-slug=\"small_img_1492\"\n\t\t\t\tclass=\"ngg-fancybox\" rel=\"8a0418ba0c7fa5f90a1aa5f9c2cbf2d4\">\n\t\t\t\t<img\n\t\t\t\t\ttitle=\"small_IMG_1492\"\n\t\t\t\t\talt=\"small_IMG_1492\"\n\t\t\t\t\tsrc=\"https:\/\/grundschule-homberg.de\/wp\/wp-content\/gallery\/toepfer-ag\/thumbs\/thumbs_small_IMG_1492.JPG\"\n\t\t\t\t\twidth=\"120\"\n\t\t\t\t\theight=\"90\"\n\t\t\t\t\tstyle=\"max-width:100%;\"\n\t\t\t\t\/>\n\t\t\t<\/a>\n\t\t<\/div>\n\t\t\t\t\t\t\t<\/div>\n\t\t\t\n\t\t\t\t<div id=\"ngg-image-1\" class=\"ngg-gallery-thumbnail-box\n\t\t\t\t\t\t\t\t\t\t\t\"\n\t\t\t>\n\t\t\t\t\t\t<div class=\"ngg-gallery-thumbnail\">\n\t\t\t<a href=\"https:\/\/grundschule-homberg.de\/wp\/wp-content\/gallery\/toepfer-ag\/small_IMG_1493.JPG\"\n\t\t\t\ttitle=\"\"\n\t\t\t\tdata-src=\"https:\/\/grundschule-homberg.de\/wp\/wp-content\/gallery\/toepfer-ag\/small_IMG_1493.JPG\"\n\t\t\t\tdata-thumbnail=\"https:\/\/grundschule-homberg.de\/wp\/wp-content\/gallery\/toepfer-ag\/thumbs\/thumbs_small_IMG_1493.JPG\"\n\t\t\t\tdata-image-id=\"269\"\n\t\t\t\tdata-title=\"small_IMG_1493\"\n\t\t\t\tdata-description=\"\"\n\t\t\t\tdata-image-slug=\"small_img_1493\"\n\t\t\t\tclass=\"ngg-fancybox\" rel=\"8a0418ba0c7fa5f90a1aa5f9c2cbf2d4\">\n\t\t\t\t<img\n\t\t\t\t\ttitle=\"small_IMG_1493\"\n\t\t\t\t\talt=\"small_IMG_1493\"\n\t\t\t\t\tsrc=\"https:\/\/grundschule-homberg.de\/wp\/wp-content\/gallery\/toepfer-ag\/thumbs\/thumbs_small_IMG_1493.JPG\"\n\t\t\t\t\twidth=\"120\"\n\t\t\t\t\theight=\"90\"\n\t\t\t\t\tstyle=\"max-width:100%;\"\n\t\t\t\t\/>\n\t\t\t<\/a>\n\t\t<\/div>\n\t\t\t\t\t\t\t<\/div>\n\t\t\t\n\t\t\t\t<div id=\"ngg-image-2\" class=\"ngg-gallery-thumbnail-box\n\t\t\t\t\t\t\t\t\t\t\t\"\n\t\t\t>\n\t\t\t\t\t\t<div class=\"ngg-gallery-thumbnail\">\n\t\t\t<a href=\"https:\/\/grundschule-homberg.de\/wp\/wp-content\/gallery\/toepfer-ag\/small_IMG_1495-1.JPG\"\n\t\t\t\ttitle=\"\"\n\t\t\t\tdata-src=\"https:\/\/grundschule-homberg.de\/wp\/wp-content\/gallery\/toepfer-ag\/small_IMG_1495-1.JPG\"\n\t\t\t\tdata-thumbnail=\"https:\/\/grundschule-homberg.de\/wp\/wp-content\/gallery\/toepfer-ag\/thumbs\/thumbs_small_IMG_1495-1.JPG\"\n\t\t\t\tdata-image-id=\"270\"\n\t\t\t\tdata-title=\"small_IMG_1495 (1)\"\n\t\t\t\tdata-description=\"\"\n\t\t\t\tdata-image-slug=\"small_img_1495-1\"\n\t\t\t\tclass=\"ngg-fancybox\" rel=\"8a0418ba0c7fa5f90a1aa5f9c2cbf2d4\">\n\t\t\t\t<img\n\t\t\t\t\ttitle=\"small_IMG_1495 (1)\"\n\t\t\t\t\talt=\"small_IMG_1495 (1)\"\n\t\t\t\t\tsrc=\"https:\/\/grundschule-homberg.de\/wp\/wp-content\/gallery\/toepfer-ag\/thumbs\/thumbs_small_IMG_1495-1.JPG\"\n\t\t\t\t\twidth=\"120\"\n\t\t\t\t\theight=\"90\"\n\t\t\t\t\tstyle=\"max-width:100%;\"\n\t\t\t\t\/>\n\t\t\t<\/a>\n\t\t<\/div>\n\t\t\t\t\t\t\t<\/div>\n\t\t\t\n\t\t\t\t<div id=\"ngg-image-3\" class=\"ngg-gallery-thumbnail-box\n\t\t\t\t\t\t\t\t\t\t\t\"\n\t\t\t>\n\t\t\t\t\t\t<div class=\"ngg-gallery-thumbnail\">\n\t\t\t<a href=\"https:\/\/grundschule-homberg.de\/wp\/wp-content\/gallery\/toepfer-ag\/small_IMG_1495.JPG\"\n\t\t\t\ttitle=\"\"\n\t\t\t\tdata-src=\"https:\/\/grundschule-homberg.de\/wp\/wp-content\/gallery\/toepfer-ag\/small_IMG_1495.JPG\"\n\t\t\t\tdata-thumbnail=\"https:\/\/grundschule-homberg.de\/wp\/wp-content\/gallery\/toepfer-ag\/thumbs\/thumbs_small_IMG_1495.JPG\"\n\t\t\t\tdata-image-id=\"271\"\n\t\t\t\tdata-title=\"small_IMG_1495\"\n\t\t\t\tdata-description=\"\"\n\t\t\t\tdata-image-slug=\"small_img_1495-2\"\n\t\t\t\tclass=\"ngg-fancybox\" rel=\"8a0418ba0c7fa5f90a1aa5f9c2cbf2d4\">\n\t\t\t\t<img\n\t\t\t\t\ttitle=\"small_IMG_1495\"\n\t\t\t\t\talt=\"small_IMG_1495\"\n\t\t\t\t\tsrc=\"https:\/\/grundschule-homberg.de\/wp\/wp-content\/gallery\/toepfer-ag\/thumbs\/thumbs_small_IMG_1495.JPG\"\n\t\t\t\t\twidth=\"120\"\n\t\t\t\t\theight=\"90\"\n\t\t\t\t\tstyle=\"max-width:100%;\"\n\t\t\t\t\/>\n\t\t\t<\/a>\n\t\t<\/div>\n\t\t\t\t\t\t\t<\/div>\n\t\t\t\n\t\t\t\t<div id=\"ngg-image-4\" class=\"ngg-gallery-thumbnail-box\n\t\t\t\t\t\t\t\t\t\t\t\"\n\t\t\t>\n\t\t\t\t\t\t<div class=\"ngg-gallery-thumbnail\">\n\t\t\t<a href=\"https:\/\/grundschule-homberg.de\/wp\/wp-content\/gallery\/toepfer-ag\/small_IMG_1497.JPG\"\n\t\t\t\ttitle=\"\"\n\t\t\t\tdata-src=\"https:\/\/grundschule-homberg.de\/wp\/wp-content\/gallery\/toepfer-ag\/small_IMG_1497.JPG\"\n\t\t\t\tdata-thumbnail=\"https:\/\/grundschule-homberg.de\/wp\/wp-content\/gallery\/toepfer-ag\/thumbs\/thumbs_small_IMG_1497.JPG\"\n\t\t\t\tdata-image-id=\"272\"\n\t\t\t\tdata-title=\"small_IMG_1497\"\n\t\t\t\tdata-description=\"\"\n\t\t\t\tdata-image-slug=\"small_img_1497\"\n\t\t\t\tclass=\"ngg-fancybox\" rel=\"8a0418ba0c7fa5f90a1aa5f9c2cbf2d4\">\n\t\t\t\t<img\n\t\t\t\t\ttitle=\"small_IMG_1497\"\n\t\t\t\t\talt=\"small_IMG_1497\"\n\t\t\t\t\tsrc=\"https:\/\/grundschule-homberg.de\/wp\/wp-content\/gallery\/toepfer-ag\/thumbs\/thumbs_small_IMG_1497.JPG\"\n\t\t\t\t\twidth=\"120\"\n\t\t\t\t\theight=\"90\"\n\t\t\t\t\tstyle=\"max-width:100%;\"\n\t\t\t\t\/>\n\t\t\t<\/a>\n\t\t<\/div>\n\t\t\t\t\t\t\t<\/div>\n\t\t\t\n\t\t\t\t<div id=\"ngg-image-5\" class=\"ngg-gallery-thumbnail-box\n\t\t\t\t\t\t\t\t\t\t\t\"\n\t\t\t>\n\t\t\t\t\t\t<div class=\"ngg-gallery-thumbnail\">\n\t\t\t<a href=\"https:\/\/grundschule-homberg.de\/wp\/wp-content\/gallery\/toepfer-ag\/small_IMG_1498.JPG\"\n\t\t\t\ttitle=\"\"\n\t\t\t\tdata-src=\"https:\/\/grundschule-homberg.de\/wp\/wp-content\/gallery\/toepfer-ag\/small_IMG_1498.JPG\"\n\t\t\t\tdata-thumbnail=\"https:\/\/grundschule-homberg.de\/wp\/wp-content\/gallery\/toepfer-ag\/thumbs\/thumbs_small_IMG_1498.JPG\"\n\t\t\t\tdata-image-id=\"273\"\n\t\t\t\tdata-title=\"small_IMG_1498\"\n\t\t\t\tdata-description=\"\"\n\t\t\t\tdata-image-slug=\"small_img_1498\"\n\t\t\t\tclass=\"ngg-fancybox\" rel=\"8a0418ba0c7fa5f90a1aa5f9c2cbf2d4\">\n\t\t\t\t<img\n\t\t\t\t\ttitle=\"small_IMG_1498\"\n\t\t\t\t\talt=\"small_IMG_1498\"\n\t\t\t\t\tsrc=\"https:\/\/grundschule-homberg.de\/wp\/wp-content\/gallery\/toepfer-ag\/thumbs\/thumbs_small_IMG_1498.JPG\"\n\t\t\t\t\twidth=\"120\"\n\t\t\t\t\theight=\"90\"\n\t\t\t\t\tstyle=\"max-width:100%;\"\n\t\t\t\t\/>\n\t\t\t<\/a>\n\t\t<\/div>\n\t\t\t\t\t\t\t<\/div>\n\t\t\t\n\t\t\t\t<div id=\"ngg-image-6\" class=\"ngg-gallery-thumbnail-box\n\t\t\t\t\t\t\t\t\t\t\t\"\n\t\t\t>\n\t\t\t\t\t\t<div class=\"ngg-gallery-thumbnail\">\n\t\t\t<a href=\"https:\/\/grundschule-homberg.de\/wp\/wp-content\/gallery\/toepfer-ag\/small_IMG_1499.JPG\"\n\t\t\t\ttitle=\"\"\n\t\t\t\tdata-src=\"https:\/\/grundschule-homberg.de\/wp\/wp-content\/gallery\/toepfer-ag\/small_IMG_1499.JPG\"\n\t\t\t\tdata-thumbnail=\"https:\/\/grundschule-homberg.de\/wp\/wp-content\/gallery\/toepfer-ag\/thumbs\/thumbs_small_IMG_1499.JPG\"\n\t\t\t\tdata-image-id=\"274\"\n\t\t\t\tdata-title=\"small_IMG_1499\"\n\t\t\t\tdata-description=\"\"\n\t\t\t\tdata-image-slug=\"small_img_1499\"\n\t\t\t\tclass=\"ngg-fancybox\" rel=\"8a0418ba0c7fa5f90a1aa5f9c2cbf2d4\">\n\t\t\t\t<img\n\t\t\t\t\ttitle=\"small_IMG_1499\"\n\t\t\t\t\talt=\"small_IMG_1499\"\n\t\t\t\t\tsrc=\"https:\/\/grundschule-homberg.de\/wp\/wp-content\/gallery\/toepfer-ag\/thumbs\/thumbs_small_IMG_1499.JPG\"\n\t\t\t\t\twidth=\"120\"\n\t\t\t\t\theight=\"90\"\n\t\t\t\t\tstyle=\"max-width:100%;\"\n\t\t\t\t\/>\n\t\t\t<\/a>\n\t\t<\/div>\n\t\t\t\t\t\t\t<\/div>\n\t\t\t\n\t\n\t<br style=\"clear: both\" \/>\n\n\t\t<div class=\"slideshowlink\">\n\t\t<a href='https:\/\/grundschule-homberg.de\/wp\/index.php\/nggallery\/slideshow?page_id=218871'>[Show slideshow]<\/a>\n\n\t<\/div>\n\t\n\t\t<!-- Pagination -->\n\t\t<div class='ngg-clear'><\/div>\t<\/div>\n<\/p>\n<p><a href=\"https:\/\/i0.wp.com\/grundschule-homberg.de\/wp\/wp-content\/uploads\/2014\/07\/WP_20140707_011-Small.jpg\" target=\"_blank\" rel=\"noopener\"><img data-recalc-dims=\"1\" loading=\"lazy\" decoding=\"async\" width=\"112\" height=\"150\" class=\"alignnone wp-image-218922 size-thumbnail\" alt=\"WP_20140707_011 (Small)\" src=\"https:\/\/i0.wp.com\/grundschule-homberg.de\/wp\/wp-content\/uploads\/2014\/07\/WP_20140707_011-Small-112x150.jpg?resize=112%2C150\" srcset=\"https:\/\/i0.wp.com\/grundschule-homberg.de\/wp\/wp-content\/uploads\/2014\/07\/WP_20140707_011-Small.jpg?resize=112%2C150&amp;ssl=1 112w, https:\/\/i0.wp.com\/grundschule-homberg.de\/wp\/wp-content\/uploads\/2014\/07\/WP_20140707_011-Small.jpg?resize=225%2C300&amp;ssl=1 225w, https:\/\/i0.wp.com\/grundschule-homberg.de\/wp\/wp-content\/uploads\/2014\/07\/WP_20140707_011-Small.jpg?w=480&amp;ssl=1 480w\" sizes=\"auto, (max-width: 112px) 100vw, 112px\" \/><\/a><a href=\"https:\/\/i0.wp.com\/grundschule-homberg.de\/wp\/wp-content\/uploads\/2014\/07\/WP_20140707_013-Small.jpg\" target=\"_blank\" rel=\"noopener\"><img data-recalc-dims=\"1\" loading=\"lazy\" decoding=\"async\" width=\"112\" height=\"150\" class=\"alignnone wp-image-218923 size-thumbnail\" alt=\"WP_20140707_013 (Small)\" src=\"https:\/\/i0.wp.com\/grundschule-homberg.de\/wp\/wp-content\/uploads\/2014\/07\/WP_20140707_013-Small-112x150.jpg?resize=112%2C150\" srcset=\"https:\/\/i0.wp.com\/grundschule-homberg.de\/wp\/wp-content\/uploads\/2014\/07\/WP_20140707_013-Small.jpg?resize=112%2C150&amp;ssl=1 112w, https:\/\/i0.wp.com\/grundschule-homberg.de\/wp\/wp-content\/uploads\/2014\/07\/WP_20140707_013-Small.jpg?resize=225%2C300&amp;ssl=1 225w, https:\/\/i0.wp.com\/grundschule-homberg.de\/wp\/wp-content\/uploads\/2014\/07\/WP_20140707_013-Small.jpg?w=480&amp;ssl=1 480w\" sizes=\"auto, (max-width: 112px) 100vw, 112px\" \/><\/a><a href=\"https:\/\/i0.wp.com\/grundschule-homberg.de\/wp\/wp-content\/uploads\/2014\/07\/WP_20140704_014-Small.jpg\" target=\"_blank\" rel=\"noopener\"><img data-recalc-dims=\"1\" loading=\"lazy\" decoding=\"async\" width=\"112\" height=\"150\" class=\"alignnone wp-image-218872 size-thumbnail\" alt=\"WP_20140704_014 (Small)\" src=\"https:\/\/i0.wp.com\/grundschule-homberg.de\/wp\/wp-content\/uploads\/2014\/07\/WP_20140704_014-Small-112x150.jpg?resize=112%2C150\" srcset=\"https:\/\/i0.wp.com\/grundschule-homberg.de\/wp\/wp-content\/uploads\/2014\/07\/WP_20140704_014-Small.jpg?resize=112%2C150&amp;ssl=1 112w, https:\/\/i0.wp.com\/grundschule-homberg.de\/wp\/wp-content\/uploads\/2014\/07\/WP_20140704_014-Small.jpg?resize=225%2C300&amp;ssl=1 225w, https:\/\/i0.wp.com\/grundschule-homberg.de\/wp\/wp-content\/uploads\/2014\/07\/WP_20140704_014-Small.jpg?w=480&amp;ssl=1 480w\" sizes=\"auto, (max-width: 112px) 100vw, 112px\" \/><\/a><a href=\"https:\/\/i0.wp.com\/grundschule-homberg.de\/wp\/wp-content\/uploads\/2014\/07\/WP_20140704_015-Small.jpg\" target=\"_blank\" rel=\"noopener\"><img data-recalc-dims=\"1\" loading=\"lazy\" decoding=\"async\" width=\"112\" height=\"150\" class=\"alignnone wp-image-218873 size-thumbnail\" alt=\"WP_20140704_015 (Small)\" src=\"https:\/\/i0.wp.com\/grundschule-homberg.de\/wp\/wp-content\/uploads\/2014\/07\/WP_20140704_015-Small-112x150.jpg?resize=112%2C150\" srcset=\"https:\/\/i0.wp.com\/grundschule-homberg.de\/wp\/wp-content\/uploads\/2014\/07\/WP_20140704_015-Small.jpg?resize=112%2C150&amp;ssl=1 112w, https:\/\/i0.wp.com\/grundschule-homberg.de\/wp\/wp-content\/uploads\/2014\/07\/WP_20140704_015-Small.jpg?resize=225%2C300&amp;ssl=1 225w, https:\/\/i0.wp.com\/grundschule-homberg.de\/wp\/wp-content\/uploads\/2014\/07\/WP_20140704_015-Small.jpg?w=480&amp;ssl=1 480w\" sizes=\"auto, (max-width: 112px) 100vw, 112px\" \/><\/a><a href=\"https:\/\/i0.wp.com\/grundschule-homberg.de\/wp\/wp-content\/uploads\/2014\/07\/WP_20140704_013-Small.jpg\" target=\"_blank\" rel=\"noopener\"><img data-recalc-dims=\"1\" loading=\"lazy\" decoding=\"async\" width=\"112\" height=\"150\" class=\"alignnone wp-image-218875 size-thumbnail\" alt=\"WP_20140704_013 (Small)\" src=\"https:\/\/i0.wp.com\/grundschule-homberg.de\/wp\/wp-content\/uploads\/2014\/07\/WP_20140704_013-Small-112x150.jpg?resize=112%2C150\" srcset=\"https:\/\/i0.wp.com\/grundschule-homberg.de\/wp\/wp-content\/uploads\/2014\/07\/WP_20140704_013-Small.jpg?resize=112%2C150&amp;ssl=1 112w, https:\/\/i0.wp.com\/grundschule-homberg.de\/wp\/wp-content\/uploads\/2014\/07\/WP_20140704_013-Small.jpg?resize=225%2C300&amp;ssl=1 225w, https:\/\/i0.wp.com\/grundschule-homberg.de\/wp\/wp-content\/uploads\/2014\/07\/WP_20140704_013-Small.jpg?w=480&amp;ssl=1 480w\" sizes=\"auto, (max-width: 112px) 100vw, 112px\" \/><\/a><a href=\"https:\/\/i0.wp.com\/grundschule-homberg.de\/wp\/wp-content\/uploads\/2014\/07\/WP_20140704_008-Small.jpg\" target=\"_blank\" rel=\"noopener\"><img data-recalc-dims=\"1\" loading=\"lazy\" decoding=\"async\" width=\"150\" height=\"112\" class=\"alignnone wp-image-218874 size-thumbnail\" alt=\"WP_20140704_008 (Small)\" src=\"https:\/\/i0.wp.com\/grundschule-homberg.de\/wp\/wp-content\/uploads\/2014\/07\/WP_20140704_008-Small-150x112.jpg?resize=150%2C112\" srcset=\"https:\/\/i0.wp.com\/grundschule-homberg.de\/wp\/wp-content\/uploads\/2014\/07\/WP_20140704_008-Small.jpg?resize=150%2C112&amp;ssl=1 150w, https:\/\/i0.wp.com\/grundschule-homberg.de\/wp\/wp-content\/uploads\/2014\/07\/WP_20140704_008-Small.jpg?resize=300%2C225&amp;ssl=1 300w, https:\/\/i0.wp.com\/grundschule-homberg.de\/wp\/wp-content\/uploads\/2014\/07\/WP_20140704_008-Small.jpg?w=640&amp;ssl=1 640w\" sizes=\"auto, (max-width: 150px) 100vw, 150px\" \/><\/a><a href=\"https:\/\/i0.wp.com\/grundschule-homberg.de\/wp\/wp-content\/uploads\/2014\/07\/WP_20140704_004-Small.jpg\" target=\"_blank\" rel=\"noopener\"><img data-recalc-dims=\"1\" loading=\"lazy\" decoding=\"async\" width=\"150\" height=\"112\" class=\"alignnone wp-image-218876 size-thumbnail\" alt=\"WP_20140704_004 (Small)\" src=\"https:\/\/i0.wp.com\/grundschule-homberg.de\/wp\/wp-content\/uploads\/2014\/07\/WP_20140704_004-Small-150x112.jpg?resize=150%2C112\" srcset=\"https:\/\/i0.wp.com\/grundschule-homberg.de\/wp\/wp-content\/uploads\/2014\/07\/WP_20140704_004-Small.jpg?resize=150%2C112&amp;ssl=1 150w, https:\/\/i0.wp.com\/grundschule-homberg.de\/wp\/wp-content\/uploads\/2014\/07\/WP_20140704_004-Small.jpg?resize=300%2C225&amp;ssl=1 300w, https:\/\/i0.wp.com\/grundschule-homberg.de\/wp\/wp-content\/uploads\/2014\/07\/WP_20140704_004-Small.jpg?w=640&amp;ssl=1 640w\" sizes=\"auto, (max-width: 150px) 100vw, 150px\" \/><\/a><a href=\"https:\/\/i0.wp.com\/grundschule-homberg.de\/wp\/wp-content\/uploads\/2014\/07\/WP_20140704_001-Small.jpg\" target=\"_blank\" rel=\"noopener\"><img data-recalc-dims=\"1\" loading=\"lazy\" decoding=\"async\" width=\"150\" height=\"112\" class=\"alignnone wp-image-218878 size-thumbnail\" alt=\"WP_20140704_001 (Small)\" src=\"https:\/\/i0.wp.com\/grundschule-homberg.de\/wp\/wp-content\/uploads\/2014\/07\/WP_20140704_001-Small-150x112.jpg?resize=150%2C112\" srcset=\"https:\/\/i0.wp.com\/grundschule-homberg.de\/wp\/wp-content\/uploads\/2014\/07\/WP_20140704_001-Small.jpg?resize=150%2C112&amp;ssl=1 150w, https:\/\/i0.wp.com\/grundschule-homberg.de\/wp\/wp-content\/uploads\/2014\/07\/WP_20140704_001-Small.jpg?resize=300%2C225&amp;ssl=1 300w, https:\/\/i0.wp.com\/grundschule-homberg.de\/wp\/wp-content\/uploads\/2014\/07\/WP_20140704_001-Small.jpg?w=640&amp;ssl=1 640w\" sizes=\"auto, (max-width: 150px) 100vw, 150px\" \/><\/a><a href=\"https:\/\/i0.wp.com\/grundschule-homberg.de\/wp\/wp-content\/uploads\/2014\/07\/WP_20140704_019-Small.jpg\" target=\"_blank\" rel=\"noopener\"><img data-recalc-dims=\"1\" loading=\"lazy\" decoding=\"async\" width=\"150\" height=\"112\" class=\"alignnone wp-image-218882 size-thumbnail\" alt=\"WP_20140704_019 (Small)\" src=\"https:\/\/i0.wp.com\/grundschule-homberg.de\/wp\/wp-content\/uploads\/2014\/07\/WP_20140704_019-Small-150x112.jpg?resize=150%2C112\" srcset=\"https:\/\/i0.wp.com\/grundschule-homberg.de\/wp\/wp-content\/uploads\/2014\/07\/WP_20140704_019-Small.jpg?resize=150%2C112&amp;ssl=1 150w, https:\/\/i0.wp.com\/grundschule-homberg.de\/wp\/wp-content\/uploads\/2014\/07\/WP_20140704_019-Small.jpg?resize=300%2C225&amp;ssl=1 300w, https:\/\/i0.wp.com\/grundschule-homberg.de\/wp\/wp-content\/uploads\/2014\/07\/WP_20140704_019-Small.jpg?w=640&amp;ssl=1 640w\" sizes=\"auto, (max-width: 150px) 100vw, 150px\" \/><\/a><\/p>\n<p><a href=\"https:\/\/i0.wp.com\/grundschule-homberg.de\/wp\/wp-content\/uploads\/2014\/07\/WP_20140704_012-Small.jpg\" target=\"_blank\" rel=\"noopener\"><img data-recalc-dims=\"1\" loading=\"lazy\" decoding=\"async\" width=\"112\" height=\"150\" class=\"alignleft wp-image-218877 size-thumbnail\" alt=\"WP_20140704_012 (Small)\" src=\"https:\/\/i0.wp.com\/grundschule-homberg.de\/wp\/wp-content\/uploads\/2014\/07\/WP_20140704_012-Small-112x150.jpg?resize=112%2C150\" srcset=\"https:\/\/i0.wp.com\/grundschule-homberg.de\/wp\/wp-content\/uploads\/2014\/07\/WP_20140704_012-Small.jpg?resize=112%2C150&amp;ssl=1 112w, https:\/\/i0.wp.com\/grundschule-homberg.de\/wp\/wp-content\/uploads\/2014\/07\/WP_20140704_012-Small.jpg?resize=225%2C300&amp;ssl=1 225w, https:\/\/i0.wp.com\/grundschule-homberg.de\/wp\/wp-content\/uploads\/2014\/07\/WP_20140704_012-Small.jpg?w=480&amp;ssl=1 480w\" sizes=\"auto, (max-width: 112px) 100vw, 112px\" \/><\/a>&nbsp; <a href=\"https:\/\/i0.wp.com\/grundschule-homberg.de\/wp\/wp-content\/uploads\/2014\/07\/WP_20140704_003-Small.jpg\" target=\"_blank\" rel=\"noopener\"><img data-recalc-dims=\"1\" loading=\"lazy\" decoding=\"async\" width=\"112\" height=\"150\" class=\"alignleft wp-image-218879 size-thumbnail\" alt=\"WP_20140704_003 (Small)\" src=\"https:\/\/i0.wp.com\/grundschule-homberg.de\/wp\/wp-content\/uploads\/2014\/07\/WP_20140704_003-Small-112x150.jpg?resize=112%2C150\" srcset=\"https:\/\/i0.wp.com\/grundschule-homberg.de\/wp\/wp-content\/uploads\/2014\/07\/WP_20140704_003-Small.jpg?resize=112%2C150&amp;ssl=1 112w, https:\/\/i0.wp.com\/grundschule-homberg.de\/wp\/wp-content\/uploads\/2014\/07\/WP_20140704_003-Small.jpg?resize=225%2C300&amp;ssl=1 225w, https:\/\/i0.wp.com\/grundschule-homberg.de\/wp\/wp-content\/uploads\/2014\/07\/WP_20140704_003-Small.jpg?w=480&amp;ssl=1 480w\" sizes=\"auto, (max-width: 112px) 100vw, 112px\" \/><\/a> <a href=\"https:\/\/i0.wp.com\/grundschule-homberg.de\/wp\/wp-content\/uploads\/2014\/07\/WP_20140704_009-Small.jpg\" target=\"_blank\" rel=\"noopener\"><img data-recalc-dims=\"1\" loading=\"lazy\" decoding=\"async\" width=\"112\" height=\"150\" class=\"alignleft wp-image-218880 size-thumbnail\" alt=\"WP_20140704_009 (Small)\" src=\"https:\/\/i0.wp.com\/grundschule-homberg.de\/wp\/wp-content\/uploads\/2014\/07\/WP_20140704_009-Small-112x150.jpg?resize=112%2C150\" srcset=\"https:\/\/i0.wp.com\/grundschule-homberg.de\/wp\/wp-content\/uploads\/2014\/07\/WP_20140704_009-Small.jpg?resize=112%2C150&amp;ssl=1 112w, https:\/\/i0.wp.com\/grundschule-homberg.de\/wp\/wp-content\/uploads\/2014\/07\/WP_20140704_009-Small.jpg?resize=225%2C300&amp;ssl=1 225w, https:\/\/i0.wp.com\/grundschule-homberg.de\/wp\/wp-content\/uploads\/2014\/07\/WP_20140704_009-Small.jpg?w=480&amp;ssl=1 480w\" sizes=\"auto, (max-width: 112px) 100vw, 112px\" \/><\/a> <a href=\"https:\/\/i0.wp.com\/grundschule-homberg.de\/wp\/wp-content\/uploads\/2014\/07\/WP_20140704_011-Small.jpg\" target=\"_blank\" rel=\"noopener\"><img data-recalc-dims=\"1\" loading=\"lazy\" decoding=\"async\" width=\"112\" height=\"150\" class=\"alignleft wp-image-218881 size-thumbnail\" alt=\"WP_20140704_011 (Small)\" src=\"https:\/\/i0.wp.com\/grundschule-homberg.de\/wp\/wp-content\/uploads\/2014\/07\/WP_20140704_011-Small-112x150.jpg?resize=112%2C150\" srcset=\"https:\/\/i0.wp.com\/grundschule-homberg.de\/wp\/wp-content\/uploads\/2014\/07\/WP_20140704_011-Small.jpg?resize=112%2C150&amp;ssl=1 112w, https:\/\/i0.wp.com\/grundschule-homberg.de\/wp\/wp-content\/uploads\/2014\/07\/WP_20140704_011-Small.jpg?resize=225%2C300&amp;ssl=1 225w, https:\/\/i0.wp.com\/grundschule-homberg.de\/wp\/wp-content\/uploads\/2014\/07\/WP_20140704_011-Small.jpg?w=480&amp;ssl=1 480w\" sizes=\"auto, (max-width: 112px) 100vw, 112px\" \/><\/a><\/p>\n","protected":false},"excerpt":{"rendered":"<p>Die Kinder der T\u00f6pfer-AG gestalten jeden Montag in der 7. und 8. Stunde unter der fachkundigen Anleitung von Frau Tanja Haumann verschiedenste&nbsp;Gegenst\u00e4nde aus Ton. Der Kreativit\u00e4t der Kinder ist dabei fast keine Grenze gesetzt. Dank der Unterst\u00fctzung des F\u00f6rdervereins und des Schulelternbeirats kann diese AG das ganze Jahr \u00fcber angeboten werden. [Show slideshow] &nbsp;<\/p>\n","protected":false},"author":1,"featured_media":0,"parent":1194,"menu_order":1,"comment_status":"closed","ping_status":"closed","template":"","meta":{"ngg_post_thumbnail":0,"footnotes":""},"class_list":["post-218871","page","type-page","status-publish","hentry"],"jetpack_shortlink":"https:\/\/wp.me\/P3XuEZ-UWb","jetpack-related-posts":[],"jetpack_sharing_enabled":true,"_links":{"self":[{"href":"https:\/\/grundschule-homberg.de\/wp\/index.php?rest_route=\/wp\/v2\/pages\/218871","targetHints":{"allow":["GET"]}}],"collection":[{"href":"https:\/\/grundschule-homberg.de\/wp\/index.php?rest_route=\/wp\/v2\/pages"}],"about":[{"href":"https:\/\/grundschule-homberg.de\/wp\/index.php?rest_route=\/wp\/v2\/types\/page"}],"author":[{"embeddable":true,"href":"https:\/\/grundschule-homberg.de\/wp\/index.php?rest_route=\/wp\/v2\/users\/1"}],"replies":[{"embeddable":true,"href":"https:\/\/grundschule-homberg.de\/wp\/index.php?rest_route=%2Fwp%2Fv2%2Fcomments&post=218871"}],"version-history":[{"count":6,"href":"https:\/\/grundschule-homberg.de\/wp\/index.php?rest_route=\/wp\/v2\/pages\/218871\/revisions"}],"predecessor-version":[{"id":221674,"href":"https:\/\/grundschule-homberg.de\/wp\/index.php?rest_route=\/wp\/v2\/pages\/218871\/revisions\/221674"}],"up":[{"embeddable":true,"href":"https:\/\/grundschule-homberg.de\/wp\/index.php?rest_route=\/wp\/v2\/pages\/1194"}],"wp:attachment":[{"href":"https:\/\/grundschule-homberg.de\/wp\/index.php?rest_route=%2Fwp%2Fv2%2Fmedia&parent=218871"}],"curies":[{"name":"wp","href":"https:\/\/api.w.org\/{rel}","templated":true}]}}