{"id":219279,"date":"2015-02-06T21:48:04","date_gmt":"2015-02-06T20:48:04","guid":{"rendered":"http:\/\/grundschule-homberg.de\/wp\/?page_id=219279"},"modified":"2015-09-06T12:17:38","modified_gmt":"2015-09-06T10:17:38","slug":"theater-ag-2","status":"publish","type":"page","link":"https:\/\/grundschule-homberg.de\/wp\/?page_id=219279","title":{"rendered":"Theater-AG (2014\/15)"},"content":{"rendered":"<p>Die Theater-AG besuchen derzeit etwa 20\u00a0 Kinder. Die Sch\u00fclerinnen und Sch\u00fcler bereiten gemeinsam mit Frau Sartorius freitags in der 5. und 6. Stunde das St\u00fcck &#8222;die Arche\u00a0 Noah&#8220; vor. Neben den Schauspielproben m\u00fcssen auch Requisiten und B\u00fchnenbild hergestellt werden.<\/p>\n<div class=\"tiled-gallery type-rectangular tiled-gallery-unresized\" data-original-width=\"604\" data-carousel-extra='null' itemscope itemtype=\"http:\/\/schema.org\/ImageGallery\" > <div class=\"gallery-row\" style=\"width: 604px; height: 267px;\" data-original-width=\"604\" data-original-height=\"267\" > <div class=\"gallery-group images-1\" style=\"width: 202px; height: 267px;\" data-original-width=\"202\" data-original-height=\"267\" > <div class=\"tiled-gallery-item tiled-gallery-item-small\" itemprop=\"associatedMedia\" itemscope itemtype=\"http:\/\/schema.org\/ImageObject\"> <a href=\"https:\/\/grundschule-homberg.de\/wp\/?attachment_id=219280\" border=\"0\" itemprop=\"url\"> <meta itemprop=\"width\" content=\"198\"> <meta itemprop=\"height\" content=\"263\"> <img decoding=\"async\" class=\"\" data-attachment-id=\"219280\" data-orig-file=\"https:\/\/grundschule-homberg.de\/wp\/wp-content\/uploads\/2015\/02\/k-WP_20150206_001.jpg\" data-orig-size=\"480,640\" data-comments-opened=\"\" data-image-meta=\"{&quot;aperture&quot;:&quot;0&quot;,&quot;credit&quot;:&quot;&quot;,&quot;camera&quot;:&quot;&quot;,&quot;caption&quot;:&quot;&quot;,&quot;created_timestamp&quot;:&quot;0&quot;,&quot;copyright&quot;:&quot;&quot;,&quot;focal_length&quot;:&quot;0&quot;,&quot;iso&quot;:&quot;0&quot;,&quot;shutter_speed&quot;:&quot;0&quot;,&quot;title&quot;:&quot;&quot;,&quot;orientation&quot;:&quot;0&quot;}\" data-image-title=\"TheaterAG\" data-image-description=\"\" data-medium-file=\"https:\/\/i0.wp.com\/grundschule-homberg.de\/wp\/wp-content\/uploads\/2015\/02\/k-WP_20150206_001.jpg?fit=225%2C300&#038;ssl=1\" data-large-file=\"https:\/\/i0.wp.com\/grundschule-homberg.de\/wp\/wp-content\/uploads\/2015\/02\/k-WP_20150206_001.jpg?fit=480%2C640&#038;ssl=1\" src=\"https:\/\/i0.wp.com\/grundschule-homberg.de\/wp\/wp-content\/uploads\/2015\/02\/k-WP_20150206_001.jpg?w=198&#038;h=263&#038;ssl=1\" srcset=\"https:\/\/i0.wp.com\/grundschule-homberg.de\/wp\/wp-content\/uploads\/2015\/02\/k-WP_20150206_001.jpg?w=480&amp;ssl=1 480w, https:\/\/i0.wp.com\/grundschule-homberg.de\/wp\/wp-content\/uploads\/2015\/02\/k-WP_20150206_001.jpg?resize=113%2C150&amp;ssl=1 113w, https:\/\/i0.wp.com\/grundschule-homberg.de\/wp\/wp-content\/uploads\/2015\/02\/k-WP_20150206_001.jpg?resize=225%2C300&amp;ssl=1 225w\" width=\"198\" height=\"263\" loading=\"lazy\" data-original-width=\"198\" data-original-height=\"263\" itemprop=\"http:\/\/schema.org\/image\" title=\"TheaterAG\" alt=\"TheaterAG\" style=\"width: 198px; height: 263px;\" \/> <\/a> <\/div> <\/div> <!-- close group --> <div class=\"gallery-group images-1\" style=\"width: 201px; height: 267px;\" data-original-width=\"201\" data-original-height=\"267\" > <div class=\"tiled-gallery-item tiled-gallery-item-small\" itemprop=\"associatedMedia\" itemscope itemtype=\"http:\/\/schema.org\/ImageObject\"> <a href=\"https:\/\/grundschule-homberg.de\/wp\/?attachment_id=219281\" border=\"0\" itemprop=\"url\"> <meta itemprop=\"width\" content=\"197\"> <meta itemprop=\"height\" content=\"263\"> <img decoding=\"async\" class=\"\" data-attachment-id=\"219281\" data-orig-file=\"https:\/\/grundschule-homberg.de\/wp\/wp-content\/uploads\/2015\/02\/k-WP_20150206_002.jpg\" data-orig-size=\"480,640\" data-comments-opened=\"\" data-image-meta=\"{&quot;aperture&quot;:&quot;0&quot;,&quot;credit&quot;:&quot;&quot;,&quot;camera&quot;:&quot;&quot;,&quot;caption&quot;:&quot;&quot;,&quot;created_timestamp&quot;:&quot;0&quot;,&quot;copyright&quot;:&quot;&quot;,&quot;focal_length&quot;:&quot;0&quot;,&quot;iso&quot;:&quot;0&quot;,&quot;shutter_speed&quot;:&quot;0&quot;,&quot;title&quot;:&quot;&quot;,&quot;orientation&quot;:&quot;0&quot;}\" data-image-title=\"k-WP_20150206_002\" data-image-description=\"\" data-medium-file=\"https:\/\/i0.wp.com\/grundschule-homberg.de\/wp\/wp-content\/uploads\/2015\/02\/k-WP_20150206_002.jpg?fit=225%2C300&#038;ssl=1\" data-large-file=\"https:\/\/i0.wp.com\/grundschule-homberg.de\/wp\/wp-content\/uploads\/2015\/02\/k-WP_20150206_002.jpg?fit=480%2C640&#038;ssl=1\" src=\"https:\/\/i0.wp.com\/grundschule-homberg.de\/wp\/wp-content\/uploads\/2015\/02\/k-WP_20150206_002.jpg?w=197&#038;h=263&#038;ssl=1\" srcset=\"https:\/\/i0.wp.com\/grundschule-homberg.de\/wp\/wp-content\/uploads\/2015\/02\/k-WP_20150206_002.jpg?w=480&amp;ssl=1 480w, https:\/\/i0.wp.com\/grundschule-homberg.de\/wp\/wp-content\/uploads\/2015\/02\/k-WP_20150206_002.jpg?resize=113%2C150&amp;ssl=1 113w, https:\/\/i0.wp.com\/grundschule-homberg.de\/wp\/wp-content\/uploads\/2015\/02\/k-WP_20150206_002.jpg?resize=225%2C300&amp;ssl=1 225w\" width=\"197\" height=\"263\" loading=\"lazy\" data-original-width=\"197\" data-original-height=\"263\" itemprop=\"http:\/\/schema.org\/image\" title=\"k-WP_20150206_002\" alt=\"k-WP_20150206_002\" style=\"width: 197px; height: 263px;\" \/> <\/a> <\/div> <\/div> <!-- close group --> <div class=\"gallery-group images-1\" style=\"width: 201px; height: 267px;\" data-original-width=\"201\" data-original-height=\"267\" > <div class=\"tiled-gallery-item tiled-gallery-item-small\" itemprop=\"associatedMedia\" itemscope itemtype=\"http:\/\/schema.org\/ImageObject\"> <a href=\"https:\/\/grundschule-homberg.de\/wp\/?attachment_id=219282\" border=\"0\" itemprop=\"url\"> <meta itemprop=\"width\" content=\"197\"> <meta itemprop=\"height\" content=\"263\"> <img decoding=\"async\" class=\"\" data-attachment-id=\"219282\" data-orig-file=\"https:\/\/grundschule-homberg.de\/wp\/wp-content\/uploads\/2015\/02\/k-WP_20150206_003.jpg\" data-orig-size=\"480,640\" data-comments-opened=\"\" data-image-meta=\"{&quot;aperture&quot;:&quot;0&quot;,&quot;credit&quot;:&quot;&quot;,&quot;camera&quot;:&quot;&quot;,&quot;caption&quot;:&quot;&quot;,&quot;created_timestamp&quot;:&quot;0&quot;,&quot;copyright&quot;:&quot;&quot;,&quot;focal_length&quot;:&quot;0&quot;,&quot;iso&quot;:&quot;0&quot;,&quot;shutter_speed&quot;:&quot;0&quot;,&quot;title&quot;:&quot;&quot;,&quot;orientation&quot;:&quot;0&quot;}\" data-image-title=\"k-WP_20150206_003\" data-image-description=\"\" data-medium-file=\"https:\/\/i0.wp.com\/grundschule-homberg.de\/wp\/wp-content\/uploads\/2015\/02\/k-WP_20150206_003.jpg?fit=225%2C300&#038;ssl=1\" data-large-file=\"https:\/\/i0.wp.com\/grundschule-homberg.de\/wp\/wp-content\/uploads\/2015\/02\/k-WP_20150206_003.jpg?fit=480%2C640&#038;ssl=1\" src=\"https:\/\/i0.wp.com\/grundschule-homberg.de\/wp\/wp-content\/uploads\/2015\/02\/k-WP_20150206_003.jpg?w=197&#038;h=263&#038;ssl=1\" srcset=\"https:\/\/i0.wp.com\/grundschule-homberg.de\/wp\/wp-content\/uploads\/2015\/02\/k-WP_20150206_003.jpg?w=480&amp;ssl=1 480w, https:\/\/i0.wp.com\/grundschule-homberg.de\/wp\/wp-content\/uploads\/2015\/02\/k-WP_20150206_003.jpg?resize=113%2C150&amp;ssl=1 113w, https:\/\/i0.wp.com\/grundschule-homberg.de\/wp\/wp-content\/uploads\/2015\/02\/k-WP_20150206_003.jpg?resize=225%2C300&amp;ssl=1 225w\" width=\"197\" height=\"263\" loading=\"lazy\" data-original-width=\"197\" data-original-height=\"263\" itemprop=\"http:\/\/schema.org\/image\" title=\"k-WP_20150206_003\" alt=\"k-WP_20150206_003\" style=\"width: 197px; height: 263px;\" \/> <\/a> <\/div> <\/div> <!-- close group --> <\/div> <!-- close row --> <div class=\"gallery-row\" style=\"width: 604px; height: 303px;\" data-original-width=\"604\" data-original-height=\"303\" > <div class=\"gallery-group images-1\" style=\"width: 403px; height: 303px;\" data-original-width=\"403\" data-original-height=\"303\" > <div class=\"tiled-gallery-item tiled-gallery-item-large\" itemprop=\"associatedMedia\" itemscope itemtype=\"http:\/\/schema.org\/ImageObject\"> <a href=\"https:\/\/grundschule-homberg.de\/wp\/?attachment_id=219283\" border=\"0\" itemprop=\"url\"> <meta itemprop=\"width\" content=\"399\"> <meta itemprop=\"height\" content=\"299\"> <img decoding=\"async\" class=\"\" data-attachment-id=\"219283\" data-orig-file=\"https:\/\/grundschule-homberg.de\/wp\/wp-content\/uploads\/2015\/02\/k-WP_20141205_020.jpg\" data-orig-size=\"640,480\" data-comments-opened=\"\" data-image-meta=\"{&quot;aperture&quot;:&quot;0&quot;,&quot;credit&quot;:&quot;&quot;,&quot;camera&quot;:&quot;&quot;,&quot;caption&quot;:&quot;&quot;,&quot;created_timestamp&quot;:&quot;0&quot;,&quot;copyright&quot;:&quot;&quot;,&quot;focal_length&quot;:&quot;0&quot;,&quot;iso&quot;:&quot;0&quot;,&quot;shutter_speed&quot;:&quot;0&quot;,&quot;title&quot;:&quot;&quot;,&quot;orientation&quot;:&quot;0&quot;}\" data-image-title=\"k-WP_20141205_020\" data-image-description=\"\" data-medium-file=\"https:\/\/i0.wp.com\/grundschule-homberg.de\/wp\/wp-content\/uploads\/2015\/02\/k-WP_20141205_020.jpg?fit=300%2C225&#038;ssl=1\" data-large-file=\"https:\/\/i0.wp.com\/grundschule-homberg.de\/wp\/wp-content\/uploads\/2015\/02\/k-WP_20141205_020.jpg?fit=604%2C453&#038;ssl=1\" src=\"https:\/\/i0.wp.com\/grundschule-homberg.de\/wp\/wp-content\/uploads\/2015\/02\/k-WP_20141205_020.jpg?w=399&#038;h=299&#038;ssl=1\" srcset=\"https:\/\/i0.wp.com\/grundschule-homberg.de\/wp\/wp-content\/uploads\/2015\/02\/k-WP_20141205_020.jpg?w=640&amp;ssl=1 640w, https:\/\/i0.wp.com\/grundschule-homberg.de\/wp\/wp-content\/uploads\/2015\/02\/k-WP_20141205_020.jpg?resize=150%2C113&amp;ssl=1 150w, https:\/\/i0.wp.com\/grundschule-homberg.de\/wp\/wp-content\/uploads\/2015\/02\/k-WP_20141205_020.jpg?resize=300%2C225&amp;ssl=1 300w\" width=\"399\" height=\"299\" loading=\"lazy\" data-original-width=\"399\" data-original-height=\"299\" itemprop=\"http:\/\/schema.org\/image\" title=\"k-WP_20141205_020\" alt=\"k-WP_20141205_020\" style=\"width: 399px; height: 299px;\" \/> <\/a> <\/div> <\/div> <!-- close group --> <div class=\"gallery-group images-2\" style=\"width: 201px; height: 303px;\" data-original-width=\"201\" data-original-height=\"303\" > <div class=\"tiled-gallery-item tiled-gallery-item-small\" itemprop=\"associatedMedia\" itemscope itemtype=\"http:\/\/schema.org\/ImageObject\"> <a href=\"https:\/\/grundschule-homberg.de\/wp\/?attachment_id=219284\" border=\"0\" itemprop=\"url\"> <meta itemprop=\"width\" content=\"197\"> <meta itemprop=\"height\" content=\"148\"> <img decoding=\"async\" class=\"\" data-attachment-id=\"219284\" data-orig-file=\"https:\/\/grundschule-homberg.de\/wp\/wp-content\/uploads\/2015\/02\/k-WP_20141205_021.jpg\" data-orig-size=\"640,480\" data-comments-opened=\"\" data-image-meta=\"{&quot;aperture&quot;:&quot;0&quot;,&quot;credit&quot;:&quot;&quot;,&quot;camera&quot;:&quot;&quot;,&quot;caption&quot;:&quot;&quot;,&quot;created_timestamp&quot;:&quot;0&quot;,&quot;copyright&quot;:&quot;&quot;,&quot;focal_length&quot;:&quot;0&quot;,&quot;iso&quot;:&quot;0&quot;,&quot;shutter_speed&quot;:&quot;0&quot;,&quot;title&quot;:&quot;&quot;,&quot;orientation&quot;:&quot;0&quot;}\" data-image-title=\"k-WP_20141205_021\" data-image-description=\"\" data-medium-file=\"https:\/\/i0.wp.com\/grundschule-homberg.de\/wp\/wp-content\/uploads\/2015\/02\/k-WP_20141205_021.jpg?fit=300%2C225&#038;ssl=1\" data-large-file=\"https:\/\/i0.wp.com\/grundschule-homberg.de\/wp\/wp-content\/uploads\/2015\/02\/k-WP_20141205_021.jpg?fit=604%2C453&#038;ssl=1\" src=\"https:\/\/i0.wp.com\/grundschule-homberg.de\/wp\/wp-content\/uploads\/2015\/02\/k-WP_20141205_021.jpg?w=197&#038;h=148&#038;ssl=1\" srcset=\"https:\/\/i0.wp.com\/grundschule-homberg.de\/wp\/wp-content\/uploads\/2015\/02\/k-WP_20141205_021.jpg?w=640&amp;ssl=1 640w, https:\/\/i0.wp.com\/grundschule-homberg.de\/wp\/wp-content\/uploads\/2015\/02\/k-WP_20141205_021.jpg?resize=150%2C113&amp;ssl=1 150w, https:\/\/i0.wp.com\/grundschule-homberg.de\/wp\/wp-content\/uploads\/2015\/02\/k-WP_20141205_021.jpg?resize=300%2C225&amp;ssl=1 300w\" width=\"197\" height=\"148\" loading=\"lazy\" data-original-width=\"197\" data-original-height=\"148\" itemprop=\"http:\/\/schema.org\/image\" title=\"k-WP_20141205_021\" alt=\"k-WP_20141205_021\" style=\"width: 197px; height: 148px;\" \/> <\/a> <\/div> <div class=\"tiled-gallery-item tiled-gallery-item-small\" itemprop=\"associatedMedia\" itemscope itemtype=\"http:\/\/schema.org\/ImageObject\"> <a href=\"https:\/\/grundschule-homberg.de\/wp\/?attachment_id=219285\" border=\"0\" itemprop=\"url\"> <meta itemprop=\"width\" content=\"197\"> <meta itemprop=\"height\" content=\"147\"> <img decoding=\"async\" class=\"\" data-attachment-id=\"219285\" data-orig-file=\"https:\/\/grundschule-homberg.de\/wp\/wp-content\/uploads\/2015\/02\/k-WP_20141205_022.jpg\" data-orig-size=\"640,480\" data-comments-opened=\"\" data-image-meta=\"{&quot;aperture&quot;:&quot;0&quot;,&quot;credit&quot;:&quot;&quot;,&quot;camera&quot;:&quot;&quot;,&quot;caption&quot;:&quot;&quot;,&quot;created_timestamp&quot;:&quot;0&quot;,&quot;copyright&quot;:&quot;&quot;,&quot;focal_length&quot;:&quot;0&quot;,&quot;iso&quot;:&quot;0&quot;,&quot;shutter_speed&quot;:&quot;0&quot;,&quot;title&quot;:&quot;&quot;,&quot;orientation&quot;:&quot;0&quot;}\" data-image-title=\"k-WP_20141205_022\" data-image-description=\"\" data-medium-file=\"https:\/\/i0.wp.com\/grundschule-homberg.de\/wp\/wp-content\/uploads\/2015\/02\/k-WP_20141205_022.jpg?fit=300%2C225&#038;ssl=1\" data-large-file=\"https:\/\/i0.wp.com\/grundschule-homberg.de\/wp\/wp-content\/uploads\/2015\/02\/k-WP_20141205_022.jpg?fit=604%2C453&#038;ssl=1\" src=\"https:\/\/i0.wp.com\/grundschule-homberg.de\/wp\/wp-content\/uploads\/2015\/02\/k-WP_20141205_022.jpg?w=197&#038;h=147&#038;ssl=1\" srcset=\"https:\/\/i0.wp.com\/grundschule-homberg.de\/wp\/wp-content\/uploads\/2015\/02\/k-WP_20141205_022.jpg?w=640&amp;ssl=1 640w, https:\/\/i0.wp.com\/grundschule-homberg.de\/wp\/wp-content\/uploads\/2015\/02\/k-WP_20141205_022.jpg?resize=150%2C113&amp;ssl=1 150w, https:\/\/i0.wp.com\/grundschule-homberg.de\/wp\/wp-content\/uploads\/2015\/02\/k-WP_20141205_022.jpg?resize=300%2C225&amp;ssl=1 300w\" width=\"197\" height=\"147\" loading=\"lazy\" data-original-width=\"197\" data-original-height=\"147\" itemprop=\"http:\/\/schema.org\/image\" title=\"k-WP_20141205_022\" alt=\"k-WP_20141205_022\" style=\"width: 197px; height: 147px;\" \/> <\/a> <\/div> <\/div> <!-- close group --> <\/div> <!-- close row --> <div class=\"gallery-row\" style=\"width: 604px; height: 114px;\" data-original-width=\"604\" data-original-height=\"114\" > <div class=\"gallery-group images-1\" style=\"width: 151px; height: 114px;\" data-original-width=\"151\" data-original-height=\"114\" > <div class=\"tiled-gallery-item tiled-gallery-item-small\" itemprop=\"associatedMedia\" itemscope itemtype=\"http:\/\/schema.org\/ImageObject\"> <a href=\"https:\/\/grundschule-homberg.de\/wp\/?attachment_id=219286\" border=\"0\" itemprop=\"url\"> <meta itemprop=\"width\" content=\"147\"> <meta itemprop=\"height\" content=\"110\"> <img decoding=\"async\" class=\"\" data-attachment-id=\"219286\" data-orig-file=\"https:\/\/grundschule-homberg.de\/wp\/wp-content\/uploads\/2015\/02\/k-WP_20141205_023.jpg\" data-orig-size=\"640,480\" data-comments-opened=\"\" data-image-meta=\"{&quot;aperture&quot;:&quot;0&quot;,&quot;credit&quot;:&quot;&quot;,&quot;camera&quot;:&quot;&quot;,&quot;caption&quot;:&quot;&quot;,&quot;created_timestamp&quot;:&quot;0&quot;,&quot;copyright&quot;:&quot;&quot;,&quot;focal_length&quot;:&quot;0&quot;,&quot;iso&quot;:&quot;0&quot;,&quot;shutter_speed&quot;:&quot;0&quot;,&quot;title&quot;:&quot;&quot;,&quot;orientation&quot;:&quot;0&quot;}\" data-image-title=\"k-WP_20141205_023\" data-image-description=\"\" data-medium-file=\"https:\/\/i0.wp.com\/grundschule-homberg.de\/wp\/wp-content\/uploads\/2015\/02\/k-WP_20141205_023.jpg?fit=300%2C225&#038;ssl=1\" data-large-file=\"https:\/\/i0.wp.com\/grundschule-homberg.de\/wp\/wp-content\/uploads\/2015\/02\/k-WP_20141205_023.jpg?fit=604%2C453&#038;ssl=1\" src=\"https:\/\/i0.wp.com\/grundschule-homberg.de\/wp\/wp-content\/uploads\/2015\/02\/k-WP_20141205_023.jpg?w=147&#038;h=110&#038;ssl=1\" srcset=\"https:\/\/i0.wp.com\/grundschule-homberg.de\/wp\/wp-content\/uploads\/2015\/02\/k-WP_20141205_023.jpg?w=640&amp;ssl=1 640w, https:\/\/i0.wp.com\/grundschule-homberg.de\/wp\/wp-content\/uploads\/2015\/02\/k-WP_20141205_023.jpg?resize=150%2C113&amp;ssl=1 150w, https:\/\/i0.wp.com\/grundschule-homberg.de\/wp\/wp-content\/uploads\/2015\/02\/k-WP_20141205_023.jpg?resize=300%2C225&amp;ssl=1 300w\" width=\"147\" height=\"110\" loading=\"lazy\" data-original-width=\"147\" data-original-height=\"110\" itemprop=\"http:\/\/schema.org\/image\" title=\"k-WP_20141205_023\" alt=\"k-WP_20141205_023\" style=\"width: 147px; height: 110px;\" \/> <\/a> <\/div> <\/div> <!-- close group --> <div class=\"gallery-group images-1\" style=\"width: 151px; height: 114px;\" data-original-width=\"151\" data-original-height=\"114\" > <div class=\"tiled-gallery-item tiled-gallery-item-small\" itemprop=\"associatedMedia\" itemscope itemtype=\"http:\/\/schema.org\/ImageObject\"> <a href=\"https:\/\/grundschule-homberg.de\/wp\/?attachment_id=219287\" border=\"0\" itemprop=\"url\"> <meta itemprop=\"width\" content=\"147\"> <meta itemprop=\"height\" content=\"110\"> <img decoding=\"async\" class=\"\" data-attachment-id=\"219287\" data-orig-file=\"https:\/\/grundschule-homberg.de\/wp\/wp-content\/uploads\/2015\/02\/k-WP_20141205_025.jpg\" data-orig-size=\"640,480\" data-comments-opened=\"\" data-image-meta=\"{&quot;aperture&quot;:&quot;0&quot;,&quot;credit&quot;:&quot;&quot;,&quot;camera&quot;:&quot;&quot;,&quot;caption&quot;:&quot;&quot;,&quot;created_timestamp&quot;:&quot;0&quot;,&quot;copyright&quot;:&quot;&quot;,&quot;focal_length&quot;:&quot;0&quot;,&quot;iso&quot;:&quot;0&quot;,&quot;shutter_speed&quot;:&quot;0&quot;,&quot;title&quot;:&quot;&quot;,&quot;orientation&quot;:&quot;0&quot;}\" data-image-title=\"k-WP_20141205_025\" data-image-description=\"\" data-medium-file=\"https:\/\/i0.wp.com\/grundschule-homberg.de\/wp\/wp-content\/uploads\/2015\/02\/k-WP_20141205_025.jpg?fit=300%2C225&#038;ssl=1\" data-large-file=\"https:\/\/i0.wp.com\/grundschule-homberg.de\/wp\/wp-content\/uploads\/2015\/02\/k-WP_20141205_025.jpg?fit=604%2C453&#038;ssl=1\" src=\"https:\/\/i0.wp.com\/grundschule-homberg.de\/wp\/wp-content\/uploads\/2015\/02\/k-WP_20141205_025.jpg?w=147&#038;h=110&#038;ssl=1\" srcset=\"https:\/\/i0.wp.com\/grundschule-homberg.de\/wp\/wp-content\/uploads\/2015\/02\/k-WP_20141205_025.jpg?w=640&amp;ssl=1 640w, https:\/\/i0.wp.com\/grundschule-homberg.de\/wp\/wp-content\/uploads\/2015\/02\/k-WP_20141205_025.jpg?resize=150%2C113&amp;ssl=1 150w, https:\/\/i0.wp.com\/grundschule-homberg.de\/wp\/wp-content\/uploads\/2015\/02\/k-WP_20141205_025.jpg?resize=300%2C225&amp;ssl=1 300w\" width=\"147\" height=\"110\" loading=\"lazy\" data-original-width=\"147\" data-original-height=\"110\" itemprop=\"http:\/\/schema.org\/image\" title=\"k-WP_20141205_025\" alt=\"k-WP_20141205_025\" style=\"width: 147px; height: 110px;\" \/> <\/a> <\/div> <\/div> <!-- close group --> <div class=\"gallery-group images-1\" style=\"width: 151px; height: 114px;\" data-original-width=\"151\" data-original-height=\"114\" > <div class=\"tiled-gallery-item tiled-gallery-item-small\" itemprop=\"associatedMedia\" itemscope itemtype=\"http:\/\/schema.org\/ImageObject\"> <a href=\"https:\/\/grundschule-homberg.de\/wp\/?attachment_id=219288\" border=\"0\" itemprop=\"url\"> <meta itemprop=\"width\" content=\"147\"> <meta itemprop=\"height\" content=\"110\"> <img decoding=\"async\" class=\"\" data-attachment-id=\"219288\" data-orig-file=\"https:\/\/grundschule-homberg.de\/wp\/wp-content\/uploads\/2015\/02\/k-WP_20141205_015.jpg\" data-orig-size=\"640,480\" data-comments-opened=\"\" data-image-meta=\"{&quot;aperture&quot;:&quot;0&quot;,&quot;credit&quot;:&quot;&quot;,&quot;camera&quot;:&quot;&quot;,&quot;caption&quot;:&quot;&quot;,&quot;created_timestamp&quot;:&quot;0&quot;,&quot;copyright&quot;:&quot;&quot;,&quot;focal_length&quot;:&quot;0&quot;,&quot;iso&quot;:&quot;0&quot;,&quot;shutter_speed&quot;:&quot;0&quot;,&quot;title&quot;:&quot;&quot;,&quot;orientation&quot;:&quot;0&quot;}\" data-image-title=\"k-WP_20141205_015\" data-image-description=\"\" data-medium-file=\"https:\/\/i0.wp.com\/grundschule-homberg.de\/wp\/wp-content\/uploads\/2015\/02\/k-WP_20141205_015.jpg?fit=300%2C225&#038;ssl=1\" data-large-file=\"https:\/\/i0.wp.com\/grundschule-homberg.de\/wp\/wp-content\/uploads\/2015\/02\/k-WP_20141205_015.jpg?fit=604%2C453&#038;ssl=1\" src=\"https:\/\/i0.wp.com\/grundschule-homberg.de\/wp\/wp-content\/uploads\/2015\/02\/k-WP_20141205_015.jpg?w=147&#038;h=110&#038;ssl=1\" srcset=\"https:\/\/i0.wp.com\/grundschule-homberg.de\/wp\/wp-content\/uploads\/2015\/02\/k-WP_20141205_015.jpg?w=640&amp;ssl=1 640w, https:\/\/i0.wp.com\/grundschule-homberg.de\/wp\/wp-content\/uploads\/2015\/02\/k-WP_20141205_015.jpg?resize=150%2C113&amp;ssl=1 150w, https:\/\/i0.wp.com\/grundschule-homberg.de\/wp\/wp-content\/uploads\/2015\/02\/k-WP_20141205_015.jpg?resize=300%2C225&amp;ssl=1 300w\" width=\"147\" height=\"110\" loading=\"lazy\" data-original-width=\"147\" data-original-height=\"110\" itemprop=\"http:\/\/schema.org\/image\" title=\"k-WP_20141205_015\" alt=\"k-WP_20141205_015\" style=\"width: 147px; height: 110px;\" \/> <\/a> <\/div> <\/div> <!-- close group --> <div class=\"gallery-group images-1\" style=\"width: 151px; height: 114px;\" data-original-width=\"151\" data-original-height=\"114\" > <div class=\"tiled-gallery-item tiled-gallery-item-small\" itemprop=\"associatedMedia\" itemscope itemtype=\"http:\/\/schema.org\/ImageObject\"> <a href=\"https:\/\/grundschule-homberg.de\/wp\/?attachment_id=219289\" border=\"0\" itemprop=\"url\"> <meta itemprop=\"width\" content=\"147\"> <meta itemprop=\"height\" content=\"110\"> <img decoding=\"async\" class=\"\" data-attachment-id=\"219289\" data-orig-file=\"https:\/\/grundschule-homberg.de\/wp\/wp-content\/uploads\/2015\/02\/k-WP_20141205_019.jpg\" data-orig-size=\"640,480\" data-comments-opened=\"\" data-image-meta=\"{&quot;aperture&quot;:&quot;0&quot;,&quot;credit&quot;:&quot;&quot;,&quot;camera&quot;:&quot;&quot;,&quot;caption&quot;:&quot;&quot;,&quot;created_timestamp&quot;:&quot;0&quot;,&quot;copyright&quot;:&quot;&quot;,&quot;focal_length&quot;:&quot;0&quot;,&quot;iso&quot;:&quot;0&quot;,&quot;shutter_speed&quot;:&quot;0&quot;,&quot;title&quot;:&quot;&quot;,&quot;orientation&quot;:&quot;0&quot;}\" data-image-title=\"k-WP_20141205_019\" data-image-description=\"\" data-medium-file=\"https:\/\/i0.wp.com\/grundschule-homberg.de\/wp\/wp-content\/uploads\/2015\/02\/k-WP_20141205_019.jpg?fit=300%2C225&#038;ssl=1\" data-large-file=\"https:\/\/i0.wp.com\/grundschule-homberg.de\/wp\/wp-content\/uploads\/2015\/02\/k-WP_20141205_019.jpg?fit=604%2C453&#038;ssl=1\" src=\"https:\/\/i0.wp.com\/grundschule-homberg.de\/wp\/wp-content\/uploads\/2015\/02\/k-WP_20141205_019.jpg?w=147&#038;h=110&#038;ssl=1\" srcset=\"https:\/\/i0.wp.com\/grundschule-homberg.de\/wp\/wp-content\/uploads\/2015\/02\/k-WP_20141205_019.jpg?w=640&amp;ssl=1 640w, https:\/\/i0.wp.com\/grundschule-homberg.de\/wp\/wp-content\/uploads\/2015\/02\/k-WP_20141205_019.jpg?resize=150%2C113&amp;ssl=1 150w, https:\/\/i0.wp.com\/grundschule-homberg.de\/wp\/wp-content\/uploads\/2015\/02\/k-WP_20141205_019.jpg?resize=300%2C225&amp;ssl=1 300w\" width=\"147\" height=\"110\" loading=\"lazy\" data-original-width=\"147\" data-original-height=\"110\" itemprop=\"http:\/\/schema.org\/image\" title=\"k-WP_20141205_019\" alt=\"k-WP_20141205_019\" style=\"width: 147px; height: 110px;\" \/> <\/a> <\/div> <\/div> <!-- close group --> <\/div> <!-- close row --> <\/div>\n","protected":false},"excerpt":{"rendered":"<p>Die Theater-AG besuchen derzeit etwa 20\u00a0 Kinder. Die Sch\u00fclerinnen und Sch\u00fcler bereiten gemeinsam mit Frau Sartorius freitags in der 5. und 6. Stunde das St\u00fcck &#8222;die Arche\u00a0 Noah&#8220; vor. Neben den Schauspielproben m\u00fcssen auch Requisiten und B\u00fchnenbild hergestellt werden.<\/p>\n","protected":false},"author":1,"featured_media":0,"parent":219088,"menu_order":0,"comment_status":"closed","ping_status":"closed","template":"","meta":{"ngg_post_thumbnail":0,"footnotes":""},"class_list":["post-219279","page","type-page","status-publish","hentry"],"jetpack_shortlink":"https:\/\/wp.me\/P3XuEZ-V2L","jetpack-related-posts":[],"jetpack_sharing_enabled":true,"_links":{"self":[{"href":"https:\/\/grundschule-homberg.de\/wp\/index.php?rest_route=\/wp\/v2\/pages\/219279","targetHints":{"allow":["GET"]}}],"collection":[{"href":"https:\/\/grundschule-homberg.de\/wp\/index.php?rest_route=\/wp\/v2\/pages"}],"about":[{"href":"https:\/\/grundschule-homberg.de\/wp\/index.php?rest_route=\/wp\/v2\/types\/page"}],"author":[{"embeddable":true,"href":"https:\/\/grundschule-homberg.de\/wp\/index.php?rest_route=\/wp\/v2\/users\/1"}],"replies":[{"embeddable":true,"href":"https:\/\/grundschule-homberg.de\/wp\/index.php?rest_route=%2Fwp%2Fv2%2Fcomments&post=219279"}],"version-history":[{"count":6,"href":"https:\/\/grundschule-homberg.de\/wp\/index.php?rest_route=\/wp\/v2\/pages\/219279\/revisions"}],"predecessor-version":[{"id":219967,"href":"https:\/\/grundschule-homberg.de\/wp\/index.php?rest_route=\/wp\/v2\/pages\/219279\/revisions\/219967"}],"up":[{"embeddable":true,"href":"https:\/\/grundschule-homberg.de\/wp\/index.php?rest_route=\/wp\/v2\/pages\/219088"}],"wp:attachment":[{"href":"https:\/\/grundschule-homberg.de\/wp\/index.php?rest_route=%2Fwp%2Fv2%2Fmedia&parent=219279"}],"curies":[{"name":"wp","href":"https:\/\/api.w.org\/{rel}","templated":true}]}}