{"id":219980,"date":"2015-09-06T12:24:59","date_gmt":"2015-09-06T10:24:59","guid":{"rendered":"http:\/\/grundschule-homberg.de\/wp\/?page_id=219980"},"modified":"2017-02-13T08:23:29","modified_gmt":"2017-02-13T07:23:29","slug":"spiele-ag","status":"publish","type":"page","link":"https:\/\/grundschule-homberg.de\/wp\/?page_id=219980","title":{"rendered":"Spiele-AG (2015\/16)"},"content":{"rendered":"<p>Wir spielen klassische und neuere Gesellschaftsspiele in Kleingruppen. Spiele machen Spa\u00df und f\u00f6rdern das soziale Miteinander. Aber auch Geduld haben und verlieren k\u00f6nnen geh\u00f6ren dazu. Spielerisch werden Motorik, Konzentration, Koordination und strategische F\u00e4higkeiten trainiert.<br \/>\nDie Spiele-AG wird von&nbsp; Frau Vogelsberg freitags in der 5. Stunde&nbsp; angeboten. Sie hat drei Gruppen gebildet, die epochal an der AG teilnehmen k\u00f6nnen.<\/p>\n<p><a href=\"https:\/\/i0.wp.com\/grundschule-homberg.de\/wp\/wp-content\/uploads\/2015\/09\/k-IMG-20151009-WA0002.jpg\"><img data-recalc-dims=\"1\" loading=\"lazy\" decoding=\"async\" width=\"300\" height=\"225\" class=\"size-medium wp-image-220067 aligncenter\" alt=\"k-IMG-20151009-WA0002\" src=\"https:\/\/i0.wp.com\/grundschule-homberg.de\/wp\/wp-content\/uploads\/2015\/09\/k-IMG-20151009-WA0002-300x225.jpg?resize=300%2C225\" srcset=\"https:\/\/i0.wp.com\/grundschule-homberg.de\/wp\/wp-content\/uploads\/2015\/09\/k-IMG-20151009-WA0002.jpg?resize=300%2C225&amp;ssl=1 300w, https:\/\/i0.wp.com\/grundschule-homberg.de\/wp\/wp-content\/uploads\/2015\/09\/k-IMG-20151009-WA0002.jpg?resize=150%2C113&amp;ssl=1 150w, https:\/\/i0.wp.com\/grundschule-homberg.de\/wp\/wp-content\/uploads\/2015\/09\/k-IMG-20151009-WA0002.jpg?w=640&amp;ssl=1 640w\" sizes=\"auto, (max-width: 300px) 100vw, 300px\" \/><\/a> <a href=\"https:\/\/i0.wp.com\/grundschule-homberg.de\/wp\/wp-content\/uploads\/2015\/09\/k-IMG-20151009-WA0003.jpg\"><img data-recalc-dims=\"1\" loading=\"lazy\" decoding=\"async\" width=\"300\" height=\"225\" class=\"size-medium wp-image-220068 aligncenter\" alt=\"k-IMG-20151009-WA0003\" src=\"https:\/\/i0.wp.com\/grundschule-homberg.de\/wp\/wp-content\/uploads\/2015\/09\/k-IMG-20151009-WA0003-300x225.jpg?resize=300%2C225\" srcset=\"https:\/\/i0.wp.com\/grundschule-homberg.de\/wp\/wp-content\/uploads\/2015\/09\/k-IMG-20151009-WA0003.jpg?resize=300%2C225&amp;ssl=1 300w, https:\/\/i0.wp.com\/grundschule-homberg.de\/wp\/wp-content\/uploads\/2015\/09\/k-IMG-20151009-WA0003.jpg?resize=150%2C113&amp;ssl=1 150w, https:\/\/i0.wp.com\/grundschule-homberg.de\/wp\/wp-content\/uploads\/2015\/09\/k-IMG-20151009-WA0003.jpg?w=640&amp;ssl=1 640w\" sizes=\"auto, (max-width: 300px) 100vw, 300px\" \/><\/a> <a href=\"https:\/\/i0.wp.com\/grundschule-homberg.de\/wp\/wp-content\/uploads\/2015\/09\/k-IMG-20151009-WA0004.jpg\"><img data-recalc-dims=\"1\" loading=\"lazy\" decoding=\"async\" width=\"300\" height=\"225\" class=\"size-medium wp-image-220069 aligncenter\" alt=\"k-IMG-20151009-WA0004\" src=\"https:\/\/i0.wp.com\/grundschule-homberg.de\/wp\/wp-content\/uploads\/2015\/09\/k-IMG-20151009-WA0004-300x225.jpg?resize=300%2C225\" srcset=\"https:\/\/i0.wp.com\/grundschule-homberg.de\/wp\/wp-content\/uploads\/2015\/09\/k-IMG-20151009-WA0004.jpg?resize=300%2C225&amp;ssl=1 300w, https:\/\/i0.wp.com\/grundschule-homberg.de\/wp\/wp-content\/uploads\/2015\/09\/k-IMG-20151009-WA0004.jpg?resize=150%2C113&amp;ssl=1 150w, https:\/\/i0.wp.com\/grundschule-homberg.de\/wp\/wp-content\/uploads\/2015\/09\/k-IMG-20151009-WA0004.jpg?w=640&amp;ssl=1 640w\" sizes=\"auto, (max-width: 300px) 100vw, 300px\" \/><\/a> <a href=\"https:\/\/i0.wp.com\/grundschule-homberg.de\/wp\/wp-content\/uploads\/2015\/09\/k-IMG-20151009-WA0005.jpg\"><img data-recalc-dims=\"1\" loading=\"lazy\" decoding=\"async\" width=\"300\" height=\"225\" class=\"size-medium wp-image-220070 aligncenter\" alt=\"k-IMG-20151009-WA0005\" src=\"https:\/\/i0.wp.com\/grundschule-homberg.de\/wp\/wp-content\/uploads\/2015\/09\/k-IMG-20151009-WA0005-300x225.jpg?resize=300%2C225\" srcset=\"https:\/\/i0.wp.com\/grundschule-homberg.de\/wp\/wp-content\/uploads\/2015\/09\/k-IMG-20151009-WA0005.jpg?resize=300%2C225&amp;ssl=1 300w, https:\/\/i0.wp.com\/grundschule-homberg.de\/wp\/wp-content\/uploads\/2015\/09\/k-IMG-20151009-WA0005.jpg?resize=150%2C113&amp;ssl=1 150w, https:\/\/i0.wp.com\/grundschule-homberg.de\/wp\/wp-content\/uploads\/2015\/09\/k-IMG-20151009-WA0005.jpg?w=640&amp;ssl=1 640w\" sizes=\"auto, (max-width: 300px) 100vw, 300px\" \/><\/a><\/p>\n","protected":false},"excerpt":{"rendered":"<p>Wir spielen klassische und neuere Gesellschaftsspiele in Kleingruppen. Spiele machen Spa\u00df und f\u00f6rdern das soziale Miteinander. Aber auch Geduld haben und verlieren k\u00f6nnen geh\u00f6ren dazu. Spielerisch werden Motorik, Konzentration, Koordination und strategische F\u00e4higkeiten trainiert. Die Spiele-AG wird von&nbsp; Frau Vogelsberg freitags in der 5. Stunde&nbsp; angeboten. Sie hat drei Gruppen gebildet, die epochal an der &hellip; <a href=\"https:\/\/grundschule-homberg.de\/wp\/?page_id=219980\" class=\"more-link\"><span class=\"screen-reader-text\">Spiele-AG (2015\/16)<\/span> weiterlesen <span class=\"meta-nav\">&rarr;<\/span><\/a><\/p>\n","protected":false},"author":1,"featured_media":0,"parent":219088,"menu_order":8,"comment_status":"closed","ping_status":"closed","template":"","meta":{"ngg_post_thumbnail":0,"footnotes":""},"class_list":["post-219980","page","type-page","status-publish","hentry"],"jetpack_shortlink":"https:\/\/wp.me\/P3XuEZ-Ve4","jetpack-related-posts":[],"jetpack_sharing_enabled":true,"_links":{"self":[{"href":"https:\/\/grundschule-homberg.de\/wp\/index.php?rest_route=\/wp\/v2\/pages\/219980","targetHints":{"allow":["GET"]}}],"collection":[{"href":"https:\/\/grundschule-homberg.de\/wp\/index.php?rest_route=\/wp\/v2\/pages"}],"about":[{"href":"https:\/\/grundschule-homberg.de\/wp\/index.php?rest_route=\/wp\/v2\/types\/page"}],"author":[{"embeddable":true,"href":"https:\/\/grundschule-homberg.de\/wp\/index.php?rest_route=\/wp\/v2\/users\/1"}],"replies":[{"embeddable":true,"href":"https:\/\/grundschule-homberg.de\/wp\/index.php?rest_route=%2Fwp%2Fv2%2Fcomments&post=219980"}],"version-history":[{"count":5,"href":"https:\/\/grundschule-homberg.de\/wp\/index.php?rest_route=\/wp\/v2\/pages\/219980\/revisions"}],"predecessor-version":[{"id":220956,"href":"https:\/\/grundschule-homberg.de\/wp\/index.php?rest_route=\/wp\/v2\/pages\/219980\/revisions\/220956"}],"up":[{"embeddable":true,"href":"https:\/\/grundschule-homberg.de\/wp\/index.php?rest_route=\/wp\/v2\/pages\/219088"}],"wp:attachment":[{"href":"https:\/\/grundschule-homberg.de\/wp\/index.php?rest_route=%2Fwp%2Fv2%2Fmedia&parent=219980"}],"curies":[{"name":"wp","href":"https:\/\/api.w.org\/{rel}","templated":true}]}}